{"id":7912,"date":"2025-05-22T09:05:29","date_gmt":"2025-05-22T07:05:29","guid":{"rendered":"https:\/\/onebelvedere.com\/?post_type=product&#038;p=7912"},"modified":"2026-04-15T12:20:23","modified_gmt":"2026-04-15T10:20:23","slug":"amphiteatro-bianco-trebbiano","status":"publish","type":"product","link":"https:\/\/onebelvedere.com\/it\/product\/amphiteatro-bianco-trebbiano\/","title":{"rendered":"Anfiteatro Bianco"},"content":{"rendered":"<div class=\"page\" title=\"Page 2\">\n<div class=\"section\">\n<div class=\"layoutArea\">\n<div class=\"column\">\n<h3><span class=\"OYPEnA font-feature-liga-off font-feature-clig-off font-feature-calt-off text-decoration-none text-strikethrough-none\">AMPHITEATRO BIANCO<\/span> <span class=\"OYPEnA font-feature-liga-off font-feature-clig-off font-feature-calt-off text-decoration-none text-strikethrough-none\">Toscana IGT<\/span><\/h3>\n<p><span class=\"OYPEnA font-feature-liga-off font-feature-clig-off font-feature-calt-off text-decoration-none text-strikethrough-none\">Amphiteatro Bianco \u00e8 un IGT Toscana Bianco ottenuto da uve Trebbiano. I vigneti sorgono su sedimenti pliocenici ricchi di argilla, tufo e fossili marini. La vinificazione avviene in acciaio inox con controllo della temperatura. La macerazione sulle bucce \u00e8 limitata a poche ore di contatto. La fermentazione alcolica \u00e8 spontanea, seguita da una fermentazione malolattica naturale, senza alcuna inoculazione. \n\nIl vino \u00e8 rimasto a contatto con le fecce fini fino all\u2019imbottigliamento, avvenuto nell\u2019aprile 2025. \n\nIl risultato \u00e8 un vino fresco e fruttato, di medio corpo, ben equilibrato, con una piacevole struttura, acidit\u00e0 succosa, mineralit\u00e0 e una lunga persistenza.<\/span><\/p>\n<\/div>\n<div>\n<table style=\"height: 1164px\" width=\"820\">\n<tbody>\n<tr>\n<td>\n<div>\n<p>SITO DI PRODUZIONE<\/p>\n<\/div>\n<\/td>\n<td>\n<div>\n<p style=\"text-align: left;padding-left: 40px\">Castellina in Chianti (SI)<\/p>\n<\/div>\n<\/td>\n<\/tr>\n<tr>\n<td>\n<div>\n<p>UVE<\/p>\n<\/div>\n<\/td>\n<td>\n<div>\n<p style=\"padding-left: 40px\">100% Trebbiano<\/p>\n<\/div>\n<\/td>\n<\/tr>\n<tr>\n<td>\n<div>\n<p>ESPOSIZIONE<\/p>\n<\/div>\n<\/td>\n<td>\n<div>\n<p style=\"padding-left: 40px\">Sud-ovest, 250\u2013300 m s.l.m.<\/p>\n<\/div>\n<\/td>\n<\/tr>\n<tr>\n<td>\n<div>\n<p>SUOLO<\/p>\n<\/div>\n<\/td>\n<td>\n<div>\n<p style=\"padding-left: 40px\">Sedimenti marini, argilla e tufo<\/p>\n<\/div>\n<\/td>\n<\/tr>\n<tr>\n<td>\n<div>\n<p>IMPIANTO DEL VIGNETO<\/p>\n<\/div>\n<\/td>\n<td>\n<div>\n<p style=\"padding-left: 40px\">1975<\/p>\n<\/div>\n<\/td>\n<\/tr>\n<tr>\n<td>\n<div>\n<p>RESA<\/p>\n<\/div>\n<\/td>\n<td>\n<div>\n<p style=\"padding-left: 40px\">45 quintali per ettaro<\/p>\n<\/div>\n<\/td>\n<\/tr>\n<tr>\n<td>\n<div>\n<p>PRODUZIONE ANNUALE<\/p>\n<\/div>\n<\/td>\n<td>\n<div>\n<p style=\"padding-left: 40px\">1100 bottiglie (750 ml), 25 magnum (1500 ml)<\/p>\n<\/div>\n<\/td>\n<\/tr>\n<tr>\n<td>\n<div>\n<p>FERMENTATION AND MACERATION<\/p>\n<\/div>\n<\/td>\n<td>\n<div>\n<p style=\"padding-left: 40px\">Spontanea, breve contatto con le bucce<\/p>\n<\/div>\n<\/td>\n<\/tr>\n<tr>\n<td>\n<div>\n<p>TEMPI DI FERMENTAZIONE<\/p>\n<\/div>\n<\/td>\n<td>\n<div>\n<p style=\"padding-left: 40px\">Circa 20 giorni<\/p>\n<\/div>\n<\/td>\n<\/tr>\n<tr>\n<td>\n<div>\n<p>TEMPERATURA<\/p>\n<\/div>\n<\/td>\n<td>\n<div>\n<p style=\"padding-left: 40px\">Controlled, max 25\u00b0C<\/p>\n<\/div>\n<\/td>\n<\/tr>\n<tr>\n<td>\n<div>\n<p>FERMENTAZIONE MALOLATTICA<\/p>\n<\/div>\n<\/td>\n<td>\n<div>\n<p style=\"padding-left: 40px\">Naturale, in acciaio<\/p>\n<\/div>\n<\/td>\n<\/tr>\n<tr>\n<td>\n<div>\n<p>INVECCHIAMENTO<\/p>\n<\/div>\n<\/td>\n<td>\n<div>\n<p style=\"padding-left: 40px\">6 mesi in acciaio<\/p>\n<\/div>\n<\/td>\n<\/tr>\n<tr>\n<td>\n<div>\n<p>AFFINAMENTO<\/p>\n<\/div>\n<\/td>\n<td>\n<div>\n<p style=\"padding-left: 40px\">Non filtrato, almeno 3 mesi in bottiglia<\/p>\n<\/div>\n<\/td>\n<\/tr>\n<tr>\n<td>\n<div>\n<p>COLORE<\/p>\n<\/div>\n<\/td>\n<td>\n<div>\n<p style=\"padding-left: 40px\">Giallo paglierino con riflessi dorati<\/p>\n<\/div>\n<\/td>\n<\/tr>\n<tr>\n<td>\n<div>\n<p>PROFUMO<\/p>\n<\/div>\n<\/td>\n<td>\n<div>\n<p style=\"padding-left: 40px\">Fiori bianchi, erbe aromatiche, macchia mediterranea<\/p>\n<\/div>\n<\/td>\n<\/tr>\n<tr>\n<td>\n<div>\n<p>GUSTO<\/p>\n<\/div>\n<\/td>\n<td>\n<div>\n<p style=\"padding-left: 40px\">Cedro, pompelmo rosa, note di selce, finale di mandorla<\/p>\n<\/div>\n<\/td>\n<\/tr>\n<tr>\n<td>\n<div>\n<p>TEMPERATURA DI SERVIZIO<\/p>\n<\/div>\n<\/td>\n<td>\n<div>\n<p style=\"padding-left: 40px\">12\u00b0C<\/p>\n<\/div>\n<\/td>\n<\/tr>\n<tr>\n<td>\n<div>\n<p>ABBINAMENTI GASTRONOMICI<\/p>\n<\/div>\n<\/td>\n<td>\n<div>\n<p style=\"padding-left: 40px\">Verdure, brodi, piatti a base di burro, crostacei e molluschi<\/p>\n<\/div>\n<\/td>\n<\/tr>\n<tr>\n<td>\n<div>\n<p>SO\u2082 (MG\/L) \/ ZUCCHERI RESIDUI<\/p>\n<\/div>\n<\/td>\n<td>\n<div>\n<p style=\"padding-left: 40px\">SO2L &lt; 20mg\/l, Zuccheri residui &lt; 1 g\/l<\/p>\n<\/div>\n<\/td>\n<\/tr>\n<tr>\n<td><\/td>\n<td>\n<p style=\"padding-left: 40px\">\n<\/td>\n<\/tr>\n<\/tbody>\n<\/table>\n<\/div>\n<\/div>\n<\/div>\n<\/div>\n<p>&nbsp;<\/p>","protected":false},"excerpt":{"rendered":"<h3><span class=\"OYPEnA font-feature-liga-off font-feature-clig-off font-feature-calt-off text-decoration-none text-strikethrough-none\">AMPHITEATRO BIANCO<\/span> <span class=\"OYPEnA font-feature-liga-off font-feature-clig-off font-feature-calt-off text-decoration-none text-strikethrough-none\">Toscana IGT<\/span><\/h3>\n<p>Vino Non Filtrato<br \/>\nContiene Solfiti<\/p>\n<p><strong>Prodotto in Italia<\/strong><\/p>\n<p><strong>PERSONE<\/strong><br \/>\n<em>Marco Nardini<\/em>: Agronomist<br \/>\n<em>Marco Castagna<\/em>: Vineyard Manager<br \/>\n<em>Gio Stella<\/em>: Chief Winemaker<\/p>\n<p>Hai bisogno di un ordine personalizzato? Contattaci a <a href=\"mailto:hello@onebelvedere.com\">hello@onebelvedere.com<\/a><\/p>","protected":false},"featured_media":8079,"comment_status":"open","ping_status":"closed","template":"","meta":{"_acf_changed":false},"product_brand":[],"product_cat":[503],"product_tag":[],"class_list":{"0":"post-7912","1":"product","2":"type-product","3":"status-publish","4":"has-post-thumbnail","6":"product_cat-wine","8":"first","9":"outofstock","10":"taxable","11":"shipping-taxable","12":"purchasable","13":"product-type-variable"},"acf":[],"_links":{"self":[{"href":"https:\/\/onebelvedere.com\/it\/wp-json\/wp\/v2\/product\/7912","targetHints":{"allow":["GET"]}}],"collection":[{"href":"https:\/\/onebelvedere.com\/it\/wp-json\/wp\/v2\/product"}],"about":[{"href":"https:\/\/onebelvedere.com\/it\/wp-json\/wp\/v2\/types\/product"}],"replies":[{"embeddable":true,"href":"https:\/\/onebelvedere.com\/it\/wp-json\/wp\/v2\/comments?post=7912"}],"wp:featuredmedia":[{"embeddable":true,"href":"https:\/\/onebelvedere.com\/it\/wp-json\/wp\/v2\/media\/8079"}],"wp:attachment":[{"href":"https:\/\/onebelvedere.com\/it\/wp-json\/wp\/v2\/media?parent=7912"}],"wp:term":[{"taxonomy":"product_brand","embeddable":true,"href":"https:\/\/onebelvedere.com\/it\/wp-json\/wp\/v2\/product_brand?post=7912"},{"taxonomy":"product_cat","embeddable":true,"href":"https:\/\/onebelvedere.com\/it\/wp-json\/wp\/v2\/product_cat?post=7912"},{"taxonomy":"product_tag","embeddable":true,"href":"https:\/\/onebelvedere.com\/it\/wp-json\/wp\/v2\/product_tag?post=7912"}],"curies":[{"name":"wp","href":"https:\/\/api.w.org\/{rel}","templated":true}]}}