{"id":7619,"date":"2025-03-26T13:04:45","date_gmt":"2025-03-26T11:04:45","guid":{"rendered":"https:\/\/onebelvedere.com\/?page_id=7619"},"modified":"2026-01-29T16:14:43","modified_gmt":"2026-01-29T14:14:43","slug":"book-qb-cucina","status":"publish","type":"page","link":"https:\/\/onebelvedere.com\/it\/book-qb-cucina\/","title":{"rendered":"QB Cucina Booking"},"content":{"rendered":"<div data-elementor-type=\"wp-page\" data-elementor-id=\"7619\" class=\"elementor elementor-7619\" data-elementor-post-type=\"page\">\n\t\t\t\t<div class=\"elementor-element elementor-element-ad9779f e-con-full e-flex e-con e-parent\" data-id=\"ad9779f\" data-element_type=\"container\" data-e-type=\"container\" data-settings=\"{&quot;background_background&quot;:&quot;classic&quot;}\">\n\t\t<div class=\"elementor-element elementor-element-6a4d369 e-con-full e-flex e-con e-child\" data-id=\"6a4d369\" data-element_type=\"container\" data-e-type=\"container\" data-settings=\"{&quot;background_background&quot;:&quot;classic&quot;}\">\n\t\t<div class=\"elementor-element elementor-element-c3816b5 e-con-full e-flex e-con e-child\" data-id=\"c3816b5\" data-element_type=\"container\" data-e-type=\"container\">\n\t\t\t\t<\/div>\n\t\t\t\t<\/div>\n\t\t\t\t<\/div>\n\t\t<div class=\"elementor-element elementor-element-f33ed37 e-flex e-con-boxed e-con e-parent\" data-id=\"f33ed37\" data-element_type=\"container\" data-e-type=\"container\">\n\t\t\t\t\t<div class=\"e-con-inner\">\n\t\t\t\t<div class=\"elementor-element elementor-element-df6d73d elementor-widget elementor-widget-image\" data-id=\"df6d73d\" data-element_type=\"widget\" data-e-type=\"widget\" data-widget_type=\"image.default\">\n\t\t\t\t<div class=\"elementor-widget-container\">\n\t\t\t\t\t\t\t\t\t\t\t\t\t\t\t<img fetchpriority=\"high\" decoding=\"async\" width=\"800\" height=\"800\" src=\"https:\/\/onebelvedere.com\/wp-content\/uploads\/2025\/09\/qb-cucina-emboss-white-rounded-1024x1024.png\" class=\"attachment-large size-large wp-image-11084\" alt=\"Logo of QB Cucina Reastaurant at One Belvedere Tuscany\" srcset=\"https:\/\/onebelvedere.com\/wp-content\/uploads\/2025\/09\/qb-cucina-emboss-white-rounded-1024x1024.png 1024w, https:\/\/onebelvedere.com\/wp-content\/uploads\/2025\/09\/qb-cucina-emboss-white-rounded-300x300.png 300w, https:\/\/onebelvedere.com\/wp-content\/uploads\/2025\/09\/qb-cucina-emboss-white-rounded-150x150.png 150w, https:\/\/onebelvedere.com\/wp-content\/uploads\/2025\/09\/qb-cucina-emboss-white-rounded-768x768.png 768w, https:\/\/onebelvedere.com\/wp-content\/uploads\/2025\/09\/qb-cucina-emboss-white-rounded-1536x1536.png 1536w, https:\/\/onebelvedere.com\/wp-content\/uploads\/2025\/09\/qb-cucina-emboss-white-rounded-600x600.png 600w, https:\/\/onebelvedere.com\/wp-content\/uploads\/2025\/09\/qb-cucina-emboss-white-rounded-100x100.png 100w, https:\/\/onebelvedere.com\/wp-content\/uploads\/2025\/09\/qb-cucina-emboss-white-rounded.png 1600w\" sizes=\"(max-width: 800px) 100vw, 800px\" \/>\t\t\t\t\t\t\t\t\t\t\t\t\t\t\t<\/div>\n\t\t\t\t<\/div>\n\t\t\t\t<div class=\"elementor-element elementor-element-a2df330 elementor-widget elementor-widget-heading\" data-id=\"a2df330\" data-element_type=\"widget\" data-e-type=\"widget\" data-widget_type=\"heading.default\">\n\t\t\t\t<div class=\"elementor-widget-container\">\n\t\t\t\t\t<h2 class=\"elementor-heading-title elementor-size-default\">PRENOTAZIONI<\/h2>\t\t\t\t<\/div>\n\t\t\t\t<\/div>\n\t\t\t\t<div class=\"elementor-element elementor-element-5fbefc4 elementor-widget__width-initial elementor-widget elementor-widget-text-editor\" data-id=\"5fbefc4\" data-element_type=\"widget\" data-e-type=\"widget\" data-widget_type=\"text-editor.default\">\n\t\t\t\t<div class=\"elementor-widget-container\">\n\t\t\t\t\t\t\t\t\t<p>Presso il ristorante QB Cucina \u00e8 possibile scegliere tra le seguenti opzioni:<\/p><p>Per il pranzo:<\/p><ul><li>men\u00f9 \u00e0 la carte<\/li><li>Men\u00f9 degustazione di 3 portate<\/li><li>Men\u00f9 degustazione di 4 portate<\/li><\/ul><p>\u00a0<\/p><p>Per la cena gourmet:<\/p><ul><li>men\u00f9 \u00e0 la carte<\/li><li>men\u00f9 degustazione di 5 portate<\/li><\/ul><p>\u00a0<\/p><p>Il men\u00f9 \u00e8 esclusivamente vegetariano. Le proposte possono variare in base alla stagionalit\u00e0 e alla disponibilit\u00e0 dei prodotti.<\/p><h6>Per completare la prenotazione presso il ristorante QB Cucina a Poggibonsi, vi invitiamo gentilmente a leggere e accettare le seguenti condizioni.<\/h6><p>Vi chiediamo cortesemente di comunicare eventuali allergie, intolleranze o restrizioni alimentari al momento della prenotazione; in caso contrario non possiamo garantire la possibilit\u00e0 di soddisfare richieste espresse al momento del pranzo o della cena.<\/p><p>For dinner and for reservations of 5 people and more, it is possible to cancel or change the number of people (based on availability) without additional costs up to 24 hours before the booked date. In case of cancellation or modification within 24 hours of the booked date or in case of no-show, the restaurant reserves the right to charge the amount of \u20ac 35 per person on the credit card issued at the time of booking.<\/p><p>Le prenotazioni per lo stesso giorno possono essere effettuate online oppure contattando direttamente i seguenti numeri:\n+39 392 694 2919 oppure +39 0577 160 7365<\/p><p>Dress code: smart casual.<\/p><p>Animali: i cani sono i benvenuti. Vi chiediamo tuttavia di tenerli sempre al guinzaglio. Vi invitiamo gentilmente a indicare nei commenti, al momento della prenotazione, la presenza di cani.<\/p>\t\t\t\t\t\t\t\t<\/div>\n\t\t\t\t<\/div>\n\t\t\t\t\t<\/div>\n\t\t\t\t<\/div>\n\t\t<div class=\"elementor-element elementor-element-0d8a85b e-flex e-con-boxed e-con e-parent\" data-id=\"0d8a85b\" data-element_type=\"container\" data-e-type=\"container\">\n\t\t\t\t\t<div class=\"e-con-inner\">\n\t\t<div class=\"elementor-element elementor-element-5c94d9d e-con-full e-flex e-con e-child\" data-id=\"5c94d9d\" data-element_type=\"container\" data-e-type=\"container\">\n\t\t\t\t<div class=\"elementor-element elementor-element-ded501e elementor-widget-divider--view-line_icon elementor-view-default elementor-widget-divider--element-align-center elementor-widget elementor-widget-divider\" data-id=\"ded501e\" data-element_type=\"widget\" data-e-type=\"widget\" data-widget_type=\"divider.default\">\n\t\t\t\t<div class=\"elementor-widget-container\">\n\t\t\t\t\t\t\t<div class=\"elementor-divider\">\n\t\t\t<span class=\"elementor-divider-separator\">\n\t\t\t\t\t\t\t<div class=\"elementor-icon elementor-divider__element\">\n\t\t\t\t\t<svg aria-hidden=\"true\" class=\"e-font-icon-svg e-fas-chevron-down\" viewbox=\"0 0 448 512\" xmlns=\"http:\/\/www.w3.org\/2000\/svg\"><path d=\"M207.029 381.476L12.686 187.132c-9.373-9.373-9.373-24.569 0-33.941l22.667-22.667c9.357-9.357 24.522-9.375 33.901-.04L224 284.505l154.745-154.021c9.379-9.335 24.544-9.317 33.901.04l22.667 22.667c9.373 9.373 9.373 24.569 0 33.941L240.971 381.476c-9.373 9.372-24.569 9.372-33.942 0z\"><\/path><\/svg><\/div>\n\t\t\t\t\t\t<\/span>\n\t\t<\/div>\n\t\t\t\t\t\t<\/div>\n\t\t\t\t<\/div>\n\t\t\t\t<div class=\"elementor-element elementor-element-9aa2d48 clicktoshow elementor-align-justify elementor-widget elementor-widget-button\" data-id=\"9aa2d48\" data-element_type=\"widget\" data-e-type=\"widget\" data-widget_type=\"button.default\">\n\t\t\t\t<div class=\"elementor-widget-container\">\n\t\t\t\t\t\t\t\t\t<div class=\"elementor-button-wrapper\">\n\t\t\t\t\t<a class=\"elementor-button elementor-size-sm\" role=\"button\">\n\t\t\t\t\t\t<span class=\"elementor-button-content-wrapper\">\n\t\t\t\t\t\t\t\t\t<span class=\"elementor-button-text\">Ho letto, compreso e accettato le Condizioni e desidero procedere con la prenotazione.<\/span>\n\t\t\t\t\t<\/span>\n\t\t\t\t\t<\/a>\n\t\t\t\t<\/div>\n\t\t\t\t\t\t\t\t<\/div>\n\t\t\t\t<\/div>\n\t\t\t\t<div class=\"elementor-element elementor-element-a8d1522 elementor-widget elementor-widget-html\" data-id=\"a8d1522\" data-element_type=\"widget\" data-e-type=\"widget\" data-widget_type=\"html.default\">\n\t\t\t\t<div class=\"elementor-widget-container\">\n\t\t\t\t\t<script>\ndocument.addEventListener('DOMContentLoaded', function() {\njQuery(function($){\n$('.clicktoshow').each(function(i){\n$(this).click(function(event){ \nevent.preventDefault();\n$('.showclick').eq(i).show();\n$('.clicktoshow').eq(i).hide();\n}); });\n}); });\n<\/script>\n<style>\n.clicktoshow{\ncursor: pointer;\n}\n.showclick{\ndisplay: none;\n}\n<\/style>\n\t\t\t\t<\/div>\n\t\t\t\t<\/div>\n\t\t\t\t<\/div>\n\t\t\t\t\t<\/div>\n\t\t\t\t<\/div>\n\t\t<div class=\"elementor-element elementor-element-519e3d5 showclick e-flex e-con-boxed e-con e-parent\" data-id=\"519e3d5\" data-element_type=\"container\" data-e-type=\"container\">\n\t\t\t\t\t<div class=\"e-con-inner\">\n\t\t<div class=\"elementor-element elementor-element-4e808f2 e-con-full e-flex e-con e-child\" data-id=\"4e808f2\" data-element_type=\"container\" data-e-type=\"container\">\n\t\t\t\t<div class=\"elementor-element elementor-element-61a426c elementor-widget elementor-widget-text-editor\" data-id=\"61a426c\" data-element_type=\"widget\" data-e-type=\"widget\" data-widget_type=\"text-editor.default\">\n\t\t\t\t<div class=\"elementor-widget-container\">\n\t\t\t\t\t\t\t\t\t<p>Thank you for reading and accepting QB&#8217;s booking conditions. You can proceed by filling out the form below.<\/p>\t\t\t\t\t\t\t\t<\/div>\n\t\t\t\t<\/div>\n\t\t\t\t<div class=\"elementor-element elementor-element-cef269a elementor-widget elementor-widget-html\" data-id=\"cef269a\" data-element_type=\"widget\" data-e-type=\"widget\" data-widget_type=\"html.default\">\n\t\t\t\t<div class=\"elementor-widget-container\">\n\t\t\t\t\t<iframe src=\"https:\/\/widget.thefork.com\/7a6121d9-784c-4c3b-8a12-07ca2c25dfeb\" allow=\"payment *\" style=\"width:100%; min-height:800px; border:none; overflow:scroll;\"><\/iframe>\t\t\t\t<\/div>\n\t\t\t\t<\/div>\n\t\t\t\t<\/div>\n\t\t\t\t\t<\/div>\n\t\t\t\t<\/div>\n\t\t\t\t<\/div>","protected":false},"excerpt":{"rendered":"<p>booking At the QB Cucina Restaurant you have the option to choose: For lunch: a la carte menu 3-course tasting menu 4-course tasting menu \u00a0 For the gourmet dinner: a la carte menu 5-course meal \u00a0 The menu is exclusively vegetarian. The menus may be subject to change due to seasonality and availability of products. [&hellip;]<\/p>\n","protected":false},"author":2,"featured_media":0,"parent":0,"menu_order":0,"comment_status":"closed","ping_status":"closed","template":"elementor_header_footer","meta":{"_acf_changed":false,"footnotes":""},"class_list":["post-7619","page","type-page","status-publish","hentry"],"acf":[],"_links":{"self":[{"href":"https:\/\/onebelvedere.com\/it\/wp-json\/wp\/v2\/pages\/7619","targetHints":{"allow":["GET"]}}],"collection":[{"href":"https:\/\/onebelvedere.com\/it\/wp-json\/wp\/v2\/pages"}],"about":[{"href":"https:\/\/onebelvedere.com\/it\/wp-json\/wp\/v2\/types\/page"}],"author":[{"embeddable":true,"href":"https:\/\/onebelvedere.com\/it\/wp-json\/wp\/v2\/users\/2"}],"replies":[{"embeddable":true,"href":"https:\/\/onebelvedere.com\/it\/wp-json\/wp\/v2\/comments?post=7619"}],"version-history":[{"count":75,"href":"https:\/\/onebelvedere.com\/it\/wp-json\/wp\/v2\/pages\/7619\/revisions"}],"predecessor-version":[{"id":13686,"href":"https:\/\/onebelvedere.com\/it\/wp-json\/wp\/v2\/pages\/7619\/revisions\/13686"}],"wp:attachment":[{"href":"https:\/\/onebelvedere.com\/it\/wp-json\/wp\/v2\/media?parent=7619"}],"curies":[{"name":"wp","href":"https:\/\/api.w.org\/{rel}","templated":true}]}}